{"id":7982,"date":"2022-06-05T19:52:22","date_gmt":"2022-06-05T19:52:22","guid":{"rendered":"https:\/\/foto-fantasien.com\/index.php\/stories-2\/"},"modified":"2025-12-26T16:01:47","modified_gmt":"2025-12-26T16:01:47","slug":"reisen","status":"publish","type":"page","link":"https:\/\/foto-fantasien.com\/index.php\/reisen\/","title":{"rendered":"Reisen"},"content":{"rendered":"\n<p class=\"has-text-color has-link-color has-small-font-size wp-elements-7b2ddba71bd821551a73fa42a2d61e1e wp-block-paragraph\" style=\"color:#1e3c5a\"><strong>Fotos gr\u00f6\u00dfer ansehen<\/strong>: Der Klick mit der linken Maustaste vergr\u00f6\u00dfert die Fotos. <br><strong>Hintergrund ansehen<\/strong>: Klick auf den Pfeil rechts oben im Men\u00fc.<\/p>\n\n\n\n<div class=\"wp-block-cover aligncenter has-custom-content-position is-position-bottom-center\"><img loading=\"lazy\" decoding=\"async\" width=\"1024\" height=\"576\" class=\"wp-block-cover__image-background wp-image-9453 size-large\" alt=\"\" src=\"https:\/\/foto-fantasien.com\/wp-content\/uploads\/2025\/12\/DSC_7739-DxO_DeepPRIME-XD2s-1024x576.jpg\" data-object-fit=\"cover\" srcset=\"https:\/\/foto-fantasien.com\/wp-content\/uploads\/2025\/12\/DSC_7739-DxO_DeepPRIME-XD2s-1024x576.jpg 1024w, https:\/\/foto-fantasien.com\/wp-content\/uploads\/2025\/12\/DSC_7739-DxO_DeepPRIME-XD2s-300x169.jpg 300w, https:\/\/foto-fantasien.com\/wp-content\/uploads\/2025\/12\/DSC_7739-DxO_DeepPRIME-XD2s-768x432.jpg 768w, https:\/\/foto-fantasien.com\/wp-content\/uploads\/2025\/12\/DSC_7739-DxO_DeepPRIME-XD2s-1536x864.jpg 1536w, https:\/\/foto-fantasien.com\/wp-content\/uploads\/2025\/12\/DSC_7739-DxO_DeepPRIME-XD2s-400x225.jpg 400w, https:\/\/foto-fantasien.com\/wp-content\/uploads\/2025\/12\/DSC_7739-DxO_DeepPRIME-XD2s-600x338.jpg 600w, https:\/\/foto-fantasien.com\/wp-content\/uploads\/2025\/12\/DSC_7739-DxO_DeepPRIME-XD2s-1200x675.jpg 1200w, https:\/\/foto-fantasien.com\/wp-content\/uploads\/2025\/12\/DSC_7739-DxO_DeepPRIME-XD2s.jpg 1920w\" sizes=\"auto, (max-width: 1024px) 100vw, 1024px\" \/><span aria-hidden=\"true\" class=\"wp-block-cover__background has-background-dim-0 has-background-dim\" style=\"background-color:#5d768a\"><\/span><div class=\"wp-block-cover__inner-container is-layout-flow wp-block-cover-is-layout-flow\">\n<div class=\"wp-block-columns alignwide is-not-stacked-on-mobile editor:no-inserter ext-mb-0 ext-mt-0 is-layout-flex wp-container-core-columns-is-layout-8f761849 wp-block-columns-is-layout-flex\">\n<div class=\"wp-block-column is-layout-flow wp-block-column-is-layout-flow\" style=\"flex-basis:100%\">\n<p class=\"wp-block-paragraph\"><\/p>\n\n\n\n<p class=\"wp-block-paragraph\"><\/p>\n\n\n\n<p class=\"wp-block-paragraph\"><\/p>\n\n\n\n<h2 class=\"wp-block-heading ext-m-0 has-white-color has-text-color has-ext-x-large-font-size\" id=\"fully-distributed-remote\">Norwegen<\/h2>\n<\/div>\n<\/div>\n\n\n\n<div class=\"wp-block-columns alignwide is-not-stacked-on-mobile editor:no-inserter ext-mt-0 is-layout-flex wp-container-core-columns-is-layout-8f761849 wp-block-columns-is-layout-flex\">\n<div class=\"wp-block-column is-layout-flow wp-block-column-is-layout-flow\" style=\"flex-basis:20%\"><\/div>\n\n\n\n<div class=\"wp-block-column editor:no-inserter is-layout-flow wp-block-column-is-layout-flow\" style=\"flex-basis:80%\">\n<div style=\"height:10px\" aria-hidden=\"true\" class=\"wp-block-spacer\"><\/div>\n\n\n\n<p class=\"has-white-color has-text-color has-link-color wp-elements-9c671dae863a5c888a6fb126111b5835 wp-block-paragraph\" style=\"font-size:16px\">Weite Landschaften, faszinierende Bergformationen, die spektakul\u00e4ren Wasserf\u00e4lle in den Fjorden machen eine Reise nach Norwegen unvergesslich. Die Wintertage im Norden sind kurz. Polarlichter tanzen am Nachthimmel. <br>Im Sommer kann man die Mittsommersonne erleben.<\/p>\n\n\n\n<div class=\"wp-block-buttons is-layout-flex wp-block-buttons-is-layout-flex\">\n<div class=\"wp-block-button is-style-outline is-style-outline--1\"><a class=\"wp-block-button__link has-white-color has-text-color has-background has-custom-font-size wp-element-button\" href=\"https:\/\/foto-fantasien.com\/index.php\/reisen\/norwegen\/\" style=\"border-radius:10px;background-color:#ffffff00;font-size:16px\" target=\"_blank\" rel=\"noreferrer noopener\"><mark style=\"background-color:rgba(0, 0, 0, 0)\" class=\"has-inline-color has-white-color\">w<\/mark>eiter<\/a><\/div>\n<\/div>\n\n\n\n<div style=\"height:20px\" aria-hidden=\"true\" class=\"wp-block-spacer\"><\/div>\n<\/div>\n<\/div>\n<\/div><\/div>\n\n\n\n<div style=\"height:20px\" aria-hidden=\"true\" class=\"wp-block-spacer\"><\/div>\n\n\n\n<div class=\"wp-block-cover aligncenter has-custom-content-position is-position-bottom-center\"><img loading=\"lazy\" decoding=\"async\" width=\"1024\" height=\"683\" class=\"wp-block-cover__image-background wp-image-7871 size-large\" alt=\"\" src=\"https:\/\/foto-fantasien.com\/wp-content\/uploads\/2025\/08\/DSC_6384-1024x683.jpg\" data-object-fit=\"cover\" srcset=\"https:\/\/foto-fantasien.com\/wp-content\/uploads\/2025\/08\/DSC_6384-1024x683.jpg 1024w, https:\/\/foto-fantasien.com\/wp-content\/uploads\/2025\/08\/DSC_6384-300x200.jpg 300w, https:\/\/foto-fantasien.com\/wp-content\/uploads\/2025\/08\/DSC_6384-768x512.jpg 768w, https:\/\/foto-fantasien.com\/wp-content\/uploads\/2025\/08\/DSC_6384-1536x1024.jpg 1536w, https:\/\/foto-fantasien.com\/wp-content\/uploads\/2025\/08\/DSC_6384-400x267.jpg 400w, https:\/\/foto-fantasien.com\/wp-content\/uploads\/2025\/08\/DSC_6384-600x400.jpg 600w, https:\/\/foto-fantasien.com\/wp-content\/uploads\/2025\/08\/DSC_6384-1200x800.jpg 1200w, https:\/\/foto-fantasien.com\/wp-content\/uploads\/2025\/08\/DSC_6384.jpg 1920w\" sizes=\"auto, (max-width: 1024px) 100vw, 1024px\" \/><span aria-hidden=\"true\" class=\"wp-block-cover__background has-background-dim-0 has-background-dim\" style=\"background-color:#5d768a\"><\/span><div class=\"wp-block-cover__inner-container is-layout-flow wp-block-cover-is-layout-flow\">\n<div class=\"wp-block-columns alignwide is-not-stacked-on-mobile editor:no-inserter ext-mb-0 ext-mt-0 is-layout-flex wp-container-core-columns-is-layout-8f761849 wp-block-columns-is-layout-flex\">\n<div class=\"wp-block-column is-layout-flow wp-block-column-is-layout-flow\" style=\"flex-basis:100%\">\n<p class=\"wp-block-paragraph\"><\/p>\n\n\n\n<p class=\"wp-block-paragraph\"><\/p>\n\n\n\n<p class=\"wp-block-paragraph\"><\/p>\n\n\n\n<h2 class=\"wp-block-heading ext-m-0 has-white-color has-text-color has-ext-x-large-font-size\" id=\"fully-distributed-remote\">Die Seine<\/h2>\n<\/div>\n<\/div>\n\n\n\n<div class=\"wp-block-columns alignwide is-not-stacked-on-mobile editor:no-inserter ext-mt-0 is-layout-flex wp-container-core-columns-is-layout-8f761849 wp-block-columns-is-layout-flex\">\n<div class=\"wp-block-column is-layout-flow wp-block-column-is-layout-flow\" style=\"flex-basis:20%\"><\/div>\n\n\n\n<div class=\"wp-block-column editor:no-inserter is-layout-flow wp-block-column-is-layout-flow\" style=\"flex-basis:80%\">\n<div style=\"height:10px\" aria-hidden=\"true\" class=\"wp-block-spacer\"><\/div>\n\n\n\n<p class=\"has-white-color has-text-color has-link-color wp-elements-1de955c8b839b46e3a14fd00c53097d7 wp-block-paragraph\" style=\"font-size:16px\">Sie entspringt in Source-Seine in der N\u00e4he von Dijon und m\u00e4andert in unz\u00e4hligen Schlingen \u00fcber 777 Kilometer bis zum \u00c4rmelkanal. Von Paris bis Rouen hei\u00dft sie &#8222;basse Seine&#8220;, von dort bis zur M\u00fcndung &#8222;Seine maritime&#8220; \u2013 die untere und die maritime Seine. Der Strom wurde nach der keltischen G\u00f6ttin Sequana benannt, die als Quellnymphe verehrt wurden.<\/p>\n\n\n\n<div class=\"wp-block-buttons is-layout-flex wp-block-buttons-is-layout-flex\">\n<div class=\"wp-block-button is-style-outline is-style-outline--2\"><a class=\"wp-block-button__link has-white-color has-text-color has-background has-custom-font-size wp-element-button\" href=\"https:\/\/foto-fantasien.com\/index.php\/reisen\/die-seine\/\" style=\"border-radius:10px;background-color:#ffffff00;font-size:16px\" target=\"_blank\" rel=\"noreferrer noopener\"><mark style=\"background-color:rgba(0, 0, 0, 0)\" class=\"has-inline-color has-white-color\">Weiter<\/mark><\/a><\/div>\n<\/div>\n\n\n\n<div style=\"height:20px\" aria-hidden=\"true\" class=\"wp-block-spacer\"><\/div>\n\n\n\n<p class=\"has-white-color has-text-color has-link-color wp-elements-8756f8bb7577ccbb22e154c5f0c934ee wp-block-paragraph\" style=\"font-size:16px\">Elle prend sa source \u00e0 Source-Seine, pr\u00e8s de Dijon, et serpente sur 777 kilom\u00e8tres jusqu&#8217;\u00e0 la Manche. De Paris \u00e0 Rouen, elle s&#8217;appelle \u00ab basse Seine \u00bb, puis \u00ab Seine maritime \u00bb jusqu&#8217;\u00e0 son embouchure. Le fleuve tire son nom de la d\u00e9esse celtique Sequana, v\u00e9n\u00e9r\u00e9e comme nymphe des sources.<\/p>\n\n\n\n<div class=\"wp-block-buttons is-layout-flex wp-block-buttons-is-layout-flex\">\n<div class=\"wp-block-button is-style-outline is-style-outline--3\"><a class=\"wp-block-button__link has-white-color has-text-color has-background has-custom-font-size wp-element-button\" href=\"https:\/\/foto-fantasien.com\/index.php\/reisen\/la-seine-fr\/\" style=\"border-radius:10px;background-color:#ffffff00;font-size:16px\" target=\"_blank\" rel=\"noreferrer noopener\"><mark style=\"background-color:rgba(0, 0, 0, 0)\" class=\"has-inline-color has-white-color\">plus loin<\/mark><\/a><\/div>\n<\/div>\n\n\n\n<div style=\"height:20px\" aria-hidden=\"true\" class=\"wp-block-spacer\"><\/div>\n<\/div>\n<\/div>\n<\/div><\/div>\n\n\n\n<div style=\"height:20px\" aria-hidden=\"true\" class=\"wp-block-spacer\"><\/div>\n\n\n\n<div class=\"wp-block-cover aligncenter is-light has-custom-content-position is-position-bottom-center\"><img loading=\"lazy\" decoding=\"async\" width=\"1024\" height=\"683\" class=\"wp-block-cover__image-background wp-image-6736 size-large\" alt=\"Blick auf das Kapitol in Havanna\" src=\"https:\/\/foto-fantasien.com\/wp-content\/uploads\/2025\/04\/DSC_3205-2-3-1024x683.jpg\" style=\"object-position:53% 29%\" data-object-fit=\"cover\" data-object-position=\"53% 29%\" srcset=\"https:\/\/foto-fantasien.com\/wp-content\/uploads\/2025\/04\/DSC_3205-2-3-1024x683.jpg 1024w, https:\/\/foto-fantasien.com\/wp-content\/uploads\/2025\/04\/DSC_3205-2-3-300x200.jpg 300w, https:\/\/foto-fantasien.com\/wp-content\/uploads\/2025\/04\/DSC_3205-2-3-768x512.jpg 768w, https:\/\/foto-fantasien.com\/wp-content\/uploads\/2025\/04\/DSC_3205-2-3-1536x1024.jpg 1536w, https:\/\/foto-fantasien.com\/wp-content\/uploads\/2025\/04\/DSC_3205-2-3-400x267.jpg 400w, https:\/\/foto-fantasien.com\/wp-content\/uploads\/2025\/04\/DSC_3205-2-3-600x400.jpg 600w, https:\/\/foto-fantasien.com\/wp-content\/uploads\/2025\/04\/DSC_3205-2-3-1200x800.jpg 1200w, https:\/\/foto-fantasien.com\/wp-content\/uploads\/2025\/04\/DSC_3205-2-3.jpg 1920w\" sizes=\"auto, (max-width: 1024px) 100vw, 1024px\" \/><span aria-hidden=\"true\" class=\"wp-block-cover__background has-background-dim-0 has-background-dim\" style=\"background-color:#5d768a\"><\/span><div class=\"wp-block-cover__inner-container is-layout-flow wp-block-cover-is-layout-flow\">\n<div class=\"wp-block-columns alignwide is-not-stacked-on-mobile editor:no-inserter ext-mb-0 ext-mt-0 is-layout-flex wp-container-core-columns-is-layout-8f761849 wp-block-columns-is-layout-flex\">\n<div class=\"wp-block-column is-layout-flow wp-block-column-is-layout-flow\" style=\"flex-basis:100%\">\n<p class=\"wp-block-paragraph\"><\/p>\n\n\n\n<p class=\"wp-block-paragraph\"><\/p>\n\n\n\n<p class=\"wp-block-paragraph\"><\/p>\n\n\n\n<h2 class=\"wp-block-heading ext-m-0 has-white-color has-text-color has-ext-x-large-font-size\" id=\"fully-distributed-remote\">Kuba &#8211; verlorene Perle der Karibik<\/h2>\n<\/div>\n<\/div>\n\n\n\n<div class=\"wp-block-columns alignwide is-not-stacked-on-mobile editor:no-inserter ext-mt-0 is-layout-flex wp-container-core-columns-is-layout-8f761849 wp-block-columns-is-layout-flex\">\n<div class=\"wp-block-column is-layout-flow wp-block-column-is-layout-flow\" style=\"flex-basis:20%\"><\/div>\n\n\n\n<div class=\"wp-block-column editor:no-inserter is-layout-flow wp-block-column-is-layout-flow\" style=\"flex-basis:80%\">\n<div style=\"height:100px\" aria-hidden=\"true\" class=\"wp-block-spacer\"><\/div>\n\n\n\n<p class=\"has-white-color has-text-color has-link-color has-medium-font-size wp-elements-742c5faedd89b2898e3d0c629937b5ca wp-block-paragraph\">Die Reise geht von Havanna auf die Biosp\u00e4reninsel Guanahacabibes. Cayo Largo del sur &#8211; lange Insel &#8211; besticht mit glasklarem Wasser und wei\u00dfen Str\u00e4nden. Die spanisch und franz\u00f6sisch gepr\u00e4gten St\u00e4dte Trinidad und Cienuegos k\u00f6nnten unterschiedlicher nicht sein. Das St\u00e4dtchen Antilla bezaubert durch seine ruhige Atmosh\u00e4re.<\/p>\n\n\n\n<div class=\"wp-block-buttons is-layout-flex wp-block-buttons-is-layout-flex\">\n<div class=\"wp-block-button is-style-outline is-style-outline--4\"><a class=\"wp-block-button__link has-white-color has-text-color has-background has-medium-font-size has-custom-font-size wp-element-button\" href=\"https:\/\/foto-fantasien.com\/index.php\/kuba-verlorene-perle-der-karibik\/\" style=\"border-radius:10px;background-color:#ffffff00\" target=\"_blank\" rel=\"noreferrer noopener\"><mark style=\"background-color:rgba(0, 0, 0, 0)\" class=\"has-inline-color has-white-color\">Weiter<\/mark><\/a><\/div>\n<\/div>\n\n\n\n<div style=\"height:50px\" aria-hidden=\"true\" class=\"wp-block-spacer\"><\/div>\n<\/div>\n<\/div>\n<\/div><\/div>\n\n\n\n<div style=\"height:20px\" aria-hidden=\"true\" class=\"wp-block-spacer\"><\/div>\n\n\n\n<div class=\"wp-block-cover aligncenter has-custom-content-position is-position-bottom-center\"><img loading=\"lazy\" decoding=\"async\" width=\"1024\" height=\"576\" class=\"wp-block-cover__image-background wp-image-5872 size-large\" alt=\"Kapstadt - Blick vom Signal Hill\" src=\"https:\/\/foto-fantasien.com\/wp-content\/uploads\/2024\/12\/DSC_1897-1024x576.jpg\" data-object-fit=\"cover\" srcset=\"https:\/\/foto-fantasien.com\/wp-content\/uploads\/2024\/12\/DSC_1897-1024x576.jpg 1024w, https:\/\/foto-fantasien.com\/wp-content\/uploads\/2024\/12\/DSC_1897-300x169.jpg 300w, https:\/\/foto-fantasien.com\/wp-content\/uploads\/2024\/12\/DSC_1897-768x432.jpg 768w, https:\/\/foto-fantasien.com\/wp-content\/uploads\/2024\/12\/DSC_1897-1536x864.jpg 1536w, https:\/\/foto-fantasien.com\/wp-content\/uploads\/2024\/12\/DSC_1897-400x225.jpg 400w, https:\/\/foto-fantasien.com\/wp-content\/uploads\/2024\/12\/DSC_1897-600x338.jpg 600w, https:\/\/foto-fantasien.com\/wp-content\/uploads\/2024\/12\/DSC_1897-1200x675.jpg 1200w, https:\/\/foto-fantasien.com\/wp-content\/uploads\/2024\/12\/DSC_1897.jpg 1920w\" sizes=\"auto, (max-width: 1024px) 100vw, 1024px\" \/><span aria-hidden=\"true\" class=\"wp-block-cover__background has-background-dim-0 has-background-dim\" style=\"background-color:#5d768a\"><\/span><div class=\"wp-block-cover__inner-container is-layout-flow wp-block-cover-is-layout-flow\">\n<div class=\"wp-block-columns alignwide is-not-stacked-on-mobile editor:no-inserter ext-mb-0 ext-mt-0 is-layout-flex wp-container-core-columns-is-layout-8f761849 wp-block-columns-is-layout-flex\">\n<div class=\"wp-block-column is-layout-flow wp-block-column-is-layout-flow\" style=\"flex-basis:100%\">\n<p class=\"wp-block-paragraph\"><\/p>\n\n\n\n<p class=\"wp-block-paragraph\"><\/p>\n\n\n\n<p class=\"wp-block-paragraph\"><\/p>\n\n\n\n<h2 class=\"wp-block-heading ext-m-0 has-white-color has-text-color has-ext-x-large-font-size\" id=\"fully-distributed-remote\">Eine Reise nach Kapstadt<\/h2>\n<\/div>\n<\/div>\n\n\n\n<div class=\"wp-block-columns alignwide is-not-stacked-on-mobile editor:no-inserter ext-mt-0 is-layout-flex wp-container-core-columns-is-layout-8f761849 wp-block-columns-is-layout-flex\">\n<div class=\"wp-block-column is-layout-flow wp-block-column-is-layout-flow\" style=\"flex-basis:20%\"><\/div>\n\n\n\n<div class=\"wp-block-column editor:no-inserter is-layout-flow wp-block-column-is-layout-flow\" style=\"flex-basis:80%\">\n<div style=\"height:100px\" aria-hidden=\"true\" class=\"wp-block-spacer\"><\/div>\n\n\n\n<p class=\"has-white-color has-text-color has-link-color has-medium-font-size wp-elements-e069ad043ba1221d2536b87f17dde1b0 wp-block-paragraph\">Kapstadt gilt als eine der sch\u00f6nsten St\u00e4dte der Welt. Sie wird liebevoll &#8222;Mother City&#8220; genannt. Im Gef\u00e4ngnis auf Robben Island war Nelson Mandela 18 von 27 Jahren inhaftiert. Dort schrieb er sein Buch &#8222;Der lange Weg zur Freiheit&#8220;. Nach seiner Freilassung 1990 warteten 100.000 Menschen vor der City Hall auf ihn, um seine erste Rede zu h\u00f6ren. <\/p>\n\n\n\n<div class=\"wp-block-buttons is-layout-flex wp-block-buttons-is-layout-flex\">\n<div class=\"wp-block-button is-style-outline is-style-outline--5\"><a class=\"wp-block-button__link has-white-color has-text-color has-background has-medium-font-size has-custom-font-size wp-element-button\" href=\"https:\/\/foto-fantasien.com\/index.php\/eine-reise-nach-kapstadt\/\" style=\"border-radius:10px;background-color:#ffffff00\" target=\"_blank\" rel=\"noreferrer noopener\"><mark style=\"background-color:rgba(0, 0, 0, 0)\" class=\"has-inline-color has-white-color\">Weiter<\/mark><\/a><\/div>\n<\/div>\n\n\n\n<div style=\"height:50px\" aria-hidden=\"true\" class=\"wp-block-spacer\"><\/div>\n<\/div>\n<\/div>\n<\/div><\/div>\n\n\n\n<div style=\"height:20px\" aria-hidden=\"true\" class=\"wp-block-spacer\"><\/div>\n","protected":false},"excerpt":{"rendered":"<p>Fotos gr\u00f6\u00dfer ansehen: Der Klick mit der linken Maustaste vergr\u00f6\u00dfert die Fotos. Hintergrund ansehen: Klick auf den Pfeil rechts oben im Men\u00fc.<\/p>\n","protected":false},"author":1,"featured_media":0,"parent":0,"menu_order":0,"comment_status":"closed","ping_status":"closed","template":"template-full.php","meta":{"_crdt_document":"","footnotes":""},"class_list":["post-7982","page","type-page","status-publish","hentry"],"aioseo_notices":[],"_links":{"self":[{"href":"https:\/\/foto-fantasien.com\/index.php\/wp-json\/wp\/v2\/pages\/7982","targetHints":{"allow":["GET"]}}],"collection":[{"href":"https:\/\/foto-fantasien.com\/index.php\/wp-json\/wp\/v2\/pages"}],"about":[{"href":"https:\/\/foto-fantasien.com\/index.php\/wp-json\/wp\/v2\/types\/page"}],"author":[{"embeddable":true,"href":"https:\/\/foto-fantasien.com\/index.php\/wp-json\/wp\/v2\/users\/1"}],"replies":[{"embeddable":true,"href":"https:\/\/foto-fantasien.com\/index.php\/wp-json\/wp\/v2\/comments?post=7982"}],"version-history":[{"count":16,"href":"https:\/\/foto-fantasien.com\/index.php\/wp-json\/wp\/v2\/pages\/7982\/revisions"}],"predecessor-version":[{"id":9627,"href":"https:\/\/foto-fantasien.com\/index.php\/wp-json\/wp\/v2\/pages\/7982\/revisions\/9627"}],"wp:attachment":[{"href":"https:\/\/foto-fantasien.com\/index.php\/wp-json\/wp\/v2\/media?parent=7982"}],"curies":[{"name":"wp","href":"https:\/\/api.w.org\/{rel}","templated":true}]}}