{"id":7449,"date":"2025-06-22T12:53:00","date_gmt":"2025-06-22T12:53:00","guid":{"rendered":"https:\/\/foto-fantasien.com\/?page_id=7449"},"modified":"2025-06-22T12:53:03","modified_gmt":"2025-06-22T12:53:03","slug":"eggs-die-eierbande","status":"publish","type":"page","link":"https:\/\/foto-fantasien.com\/index.php\/stories\/eggs-die-eierbande\/","title":{"rendered":"Eggs &#8211; die Eierbande"},"content":{"rendered":"\n<div class=\"wp-block-columns alignwide editor:no-inserter tablet:fullwidth-cols ext-my-0 is-layout-flex wp-container-core-columns-is-layout-8f761849 wp-block-columns-is-layout-flex\">\n<div class=\"wp-block-column editor:no-inserter ext-mb-0 is-layout-flow wp-block-column-is-layout-flow\" style=\"flex-basis:70%\">\n<p class=\"has-medium-font-size wp-block-paragraph\">Wenn H\u00fchner zu wenig Kalzium aufnehmen, werden die Schalen ihrer Eier nicht richtig gebildet. Sie sind nicht glatt, sondern faltig und schrumpelig. Solche Eier gibt es nicht im Supermarkt. Mein Eierlieferant aus dem Dorf h\u00e4lt seine H\u00fchner artgerecht. Seine H\u00fchner d\u00fcrfen auch skurrile Eier legen.<\/p>\n<\/div>\n\n\n\n<div class=\"wp-block-column is-vertically-aligned-center editor:no-inserter ext-m-0 is-layout-flow wp-block-column-is-layout-flow\" style=\"flex-basis:30%\"><\/div>\n<\/div>\n\n\n\n<div class=\"wp-block-group alignfull ext-my-0 ext\"><div class=\"wp-block-group__inner-container is-layout-constrained wp-block-group-is-layout-constrained\">\n<div class=\"wp-block-media-text alignwide is-stacked-on-mobile ext-py-lg ext\"><figure class=\"wp-block-media-text__media\"><a href=\"https:\/\/foto-fantasien.com\/wp-content\/uploads\/2022\/06\/DSC_0623_4.jpg\" target=\"_blank\" rel=\"noreferrer noopener\"><img loading=\"lazy\" decoding=\"async\" width=\"1024\" height=\"819\" src=\"https:\/\/foto-fantasien.com\/wp-content\/uploads\/2022\/06\/DSC_0623_4-1024x819.jpg\" alt=\"Eier beim Fr\u00fchst\u00fcck\" class=\"wp-image-1748 size-full\" srcset=\"https:\/\/foto-fantasien.com\/wp-content\/uploads\/2022\/06\/DSC_0623_4-1024x819.jpg 1024w, https:\/\/foto-fantasien.com\/wp-content\/uploads\/2022\/06\/DSC_0623_4-300x240.jpg 300w, https:\/\/foto-fantasien.com\/wp-content\/uploads\/2022\/06\/DSC_0623_4-768x614.jpg 768w, https:\/\/foto-fantasien.com\/wp-content\/uploads\/2022\/06\/DSC_0623_4-1536x1229.jpg 1536w, https:\/\/foto-fantasien.com\/wp-content\/uploads\/2022\/06\/DSC_0623_4-400x320.jpg 400w, https:\/\/foto-fantasien.com\/wp-content\/uploads\/2022\/06\/DSC_0623_4-600x480.jpg 600w, https:\/\/foto-fantasien.com\/wp-content\/uploads\/2022\/06\/DSC_0623_4-1200x960.jpg 1200w, https:\/\/foto-fantasien.com\/wp-content\/uploads\/2022\/06\/DSC_0623_4.jpg 1920w\" sizes=\"auto, (max-width: 1024px) 100vw, 1024px\" \/><\/a><\/figure><div class=\"wp-block-media-text__content\">\n<h2 class=\"wp-block-heading ext-mt-base tablet:ext-mt-0 has-ext-large-font-size\" id=\"a-second-heading\">Eggs Waiting for Breakfast<\/h2>\n\n\n\n<p class=\"has-medium-font-size wp-block-paragraph\">Zum Fr\u00fchst\u00fcck geh\u00f6rt neben einem weichgekochten Ei und Obst eine Tageszeitung. Der Tisch ist noch nicht vollst\u00e4ndig gedeckt. Es fehlen noch Br\u00f6tchen, Marmelade, Honig, Kaffee \u2026<\/p>\n\n\n\n<p class=\"has-medium-font-size wp-block-paragraph\">Die Eier m\u00fcssen solange warten.<\/p>\n<\/div><\/div>\n\n\n\n<div class=\"wp-block-media-text alignwide has-media-on-the-right is-stacked-on-mobile ext-py-lg ext\"><div class=\"wp-block-media-text__content\">\n<h2 class=\"wp-block-heading ext-mt-base tablet:ext-mt-0 has-ext-large-font-size\" id=\"a-second-heading\">Eggs after Breakfast on Safari<\/h2>\n\n\n\n<p class=\"has-medium-font-size wp-block-paragraph\">Was macht man am Sonntag nach dem Fr\u00fchst\u00fcck? Man geht auf Safari. W\u00e4hrend die Eier mit dem gro\u00dfen Bruder Elefanten und Giraffen jagen, ist der Hase hinter den Eiern her (f\u00fcr Ostern). Das gro\u00dfe Ei merkt nicht, dass ein Elefantenfuss \u00fcber ihm schwebt \u2026<\/p>\n<\/div><figure class=\"wp-block-media-text__media\"><a href=\"https:\/\/foto-fantasien.com\/wp-content\/uploads\/2022\/06\/DSC_0683_3.jpg\" target=\"_blank\" rel=\"noreferrer noopener\"><img loading=\"lazy\" decoding=\"async\" width=\"1024\" height=\"819\" src=\"https:\/\/foto-fantasien.com\/wp-content\/uploads\/2022\/06\/DSC_0683_3-1024x819.jpg\" alt=\"Eier auf Safari\" class=\"wp-image-1749 size-full\" srcset=\"https:\/\/foto-fantasien.com\/wp-content\/uploads\/2022\/06\/DSC_0683_3-1024x819.jpg 1024w, https:\/\/foto-fantasien.com\/wp-content\/uploads\/2022\/06\/DSC_0683_3-300x240.jpg 300w, https:\/\/foto-fantasien.com\/wp-content\/uploads\/2022\/06\/DSC_0683_3-768x614.jpg 768w, https:\/\/foto-fantasien.com\/wp-content\/uploads\/2022\/06\/DSC_0683_3-1536x1229.jpg 1536w, https:\/\/foto-fantasien.com\/wp-content\/uploads\/2022\/06\/DSC_0683_3-400x320.jpg 400w, https:\/\/foto-fantasien.com\/wp-content\/uploads\/2022\/06\/DSC_0683_3-600x480.jpg 600w, https:\/\/foto-fantasien.com\/wp-content\/uploads\/2022\/06\/DSC_0683_3-1200x960.jpg 1200w, https:\/\/foto-fantasien.com\/wp-content\/uploads\/2022\/06\/DSC_0683_3.jpg 1920w\" sizes=\"auto, (max-width: 1024px) 100vw, 1024px\" \/><\/a><\/figure><\/div>\n\n\n\n<div class=\"wp-block-media-text alignwide is-stacked-on-mobile ext-py-lg ext\"><figure class=\"wp-block-media-text__media\"><a href=\"https:\/\/foto-fantasien.com\/wp-content\/uploads\/2022\/06\/DSC_0691_2.jpg\" target=\"_blank\" rel=\"noreferrer noopener\"><img loading=\"lazy\" decoding=\"async\" width=\"1024\" height=\"819\" src=\"https:\/\/foto-fantasien.com\/wp-content\/uploads\/2022\/06\/DSC_0691_2-1024x819.jpg\" alt=\"Verliebte Eier\" class=\"wp-image-1750 size-full\" srcset=\"https:\/\/foto-fantasien.com\/wp-content\/uploads\/2022\/06\/DSC_0691_2-1024x819.jpg 1024w, https:\/\/foto-fantasien.com\/wp-content\/uploads\/2022\/06\/DSC_0691_2-300x240.jpg 300w, https:\/\/foto-fantasien.com\/wp-content\/uploads\/2022\/06\/DSC_0691_2-768x614.jpg 768w, https:\/\/foto-fantasien.com\/wp-content\/uploads\/2022\/06\/DSC_0691_2-1536x1229.jpg 1536w, https:\/\/foto-fantasien.com\/wp-content\/uploads\/2022\/06\/DSC_0691_2-400x320.jpg 400w, https:\/\/foto-fantasien.com\/wp-content\/uploads\/2022\/06\/DSC_0691_2-600x480.jpg 600w, https:\/\/foto-fantasien.com\/wp-content\/uploads\/2022\/06\/DSC_0691_2-1200x960.jpg 1200w, https:\/\/foto-fantasien.com\/wp-content\/uploads\/2022\/06\/DSC_0691_2.jpg 1920w\" sizes=\"auto, (max-width: 1024px) 100vw, 1024px\" \/><\/a><\/figure><div class=\"wp-block-media-text__content\">\n<h2 class=\"wp-block-heading ext-mt-base tablet:ext-mt-0 has-ext-large-font-size\" id=\"a-second-heading\">Eggs In Love<\/h2>\n\n\n\n<p class=\"has-medium-font-size wp-block-paragraph\">Die herzigen Espresso-Tassen aus Abano Terme in Bella Italia sind ausnahmsweise mal Eierbecher.&nbsp;<\/p>\n\n\n\n<p class=\"has-medium-font-size wp-block-paragraph\">&#8222;I love you&#8220; steht darauf.<\/p>\n<\/div><\/div>\n<\/div><\/div>\n\n\n\n<hr class=\"wp-block-separator has-alpha-channel-opacity is-style-wide\"\/>\n\n\n\n<p class=\"has-small-font-size wp-block-paragraph\"><strong>Musik: Jazzy Spot von <a href=\"https:\/\/pixabay.com\/de\/users\/sergequadrado-24990007\/?tab=audio&amp;utm_source=link-attribution&amp;utm_medium=referral&amp;utm_campaign=audio&amp;utm_content=20934\" target=\"_blank\" rel=\"noreferrer noopener\">Serge Quadrato auf Pixabay<\/a><\/strong><\/p>\n\n\n\n<hr class=\"wp-block-separator has-text-color has-alpha-channel-opacity has-background is-style-wide\" style=\"background-color:#1e3c5a;color:#1e3c5a\"\/>\n\n\n\n<div class=\"wp-block-group alignfull\" style=\"margin-top:0;margin-bottom:0;padding-top:var(--wp--preset--spacing--60);padding-right:var(--wp--preset--spacing--30);padding-bottom:var(--wp--preset--spacing--60);padding-left:var(--wp--preset--spacing--30)\"><div class=\"wp-block-group__inner-container is-layout-constrained wp-container-core-group-is-layout-ceb3b540 wp-block-group-is-layout-constrained\">\n<div class=\"wp-block-group alignwide is-content-justification-left\"><div class=\"wp-block-group__inner-container is-layout-constrained wp-container-core-group-is-layout-57b32e10 wp-block-group-is-layout-constrained\">\n<h2 class=\"wp-block-heading has-large-font-size\">Entdecke Foto-Fantasien<\/h2>\n\n\n\n<p class=\"has-medium-font-size wp-block-paragraph\" style=\"margin-top:16px\">G\u00f6nnen Sie sich ein kleine Auszeit. Entdecken Sie die faszinierenden Welt der Fotografie. Ob atemberaubende Landschaften, Reisedokumentationen. Auf der Seite<a href=\"https:\/\/foto-fantasien.com\/index.php\/news\/\" data-type=\"page\" data-id=\"2165\" target=\"_blank\" rel=\"noreferrer noopener\"><mark style=\"background-color:rgba(0, 0, 0, 0)\" class=\"has-inline-color has-luminous-vivid-orange-color\"> &#8222;News&#8220;<\/mark><\/a> erscheint jeden Monat ein neues Bild. Sie erfahren, wann die n\u00e4chste Ausstellung stattfindet.<\/p>\n<\/div><\/div>\n\n\n\n<div class=\"wp-block-columns alignwide is-layout-flex wp-container-core-columns-is-layout-3f726f26 wp-block-columns-is-layout-flex\">\n<div class=\"wp-block-column is-layout-flow wp-block-column-is-layout-flow\">\n<figure class=\"wp-block-image size-large ext-aspect-landscape ext-import\"><a href=\"https:\/\/foto-fantasien.com\/index.php\/galerie\/sonderbar\/\" target=\"_blank\" rel=\"noreferrer noopener\"><img loading=\"lazy\" decoding=\"async\" width=\"1024\" height=\"768\" src=\"https:\/\/foto-fantasien.com\/wp-content\/uploads\/2022\/05\/1100209_Nik-1_Nik-1024x768.jpg\" alt=\"Apotheke\" class=\"wp-image-1632\" style=\"aspect-ratio:4\/3;object-fit:cover\" srcset=\"https:\/\/foto-fantasien.com\/wp-content\/uploads\/2022\/05\/1100209_Nik-1_Nik-1024x768.jpg 1024w, https:\/\/foto-fantasien.com\/wp-content\/uploads\/2022\/05\/1100209_Nik-1_Nik-300x225.jpg 300w, https:\/\/foto-fantasien.com\/wp-content\/uploads\/2022\/05\/1100209_Nik-1_Nik-768x576.jpg 768w, https:\/\/foto-fantasien.com\/wp-content\/uploads\/2022\/05\/1100209_Nik-1_Nik-1536x1152.jpg 1536w, https:\/\/foto-fantasien.com\/wp-content\/uploads\/2022\/05\/1100209_Nik-1_Nik-400x300.jpg 400w, https:\/\/foto-fantasien.com\/wp-content\/uploads\/2022\/05\/1100209_Nik-1_Nik-600x450.jpg 600w, https:\/\/foto-fantasien.com\/wp-content\/uploads\/2022\/05\/1100209_Nik-1_Nik-1200x900.jpg 1200w, https:\/\/foto-fantasien.com\/wp-content\/uploads\/2022\/05\/1100209_Nik-1_Nik.jpg 1920w\" sizes=\"auto, (max-width: 1024px) 100vw, 1024px\" \/><\/a><\/figure>\n\n\n\n<h3 class=\"wp-block-heading\" style=\"margin-top:24px;font-size:20px;line-height:1.5\">Die n\u00e4chste Geschichte: On A Sunday<\/h3>\n\n\n\n<p class=\"has-small-font-size wp-block-paragraph\" style=\"margin-top:8px\">Winterst\u00fcrme haben den B\u00e4umen zugesetzt. Die B\u00e4ume sind zerfetzt. \u00c4ste liegen auf dem Boden. Zwischen dichtem Brombeergestr\u00fcpp erhebt sich majest\u00e4tisch ein Baum.<\/p>\n\n\n\n<div class=\"wp-block-buttons is-layout-flex wp-block-buttons-is-layout-flex\">\n<div class=\"wp-block-button has-custom-width wp-block-button__width-100 is-style-outline is-style-outline--1\"><a class=\"wp-block-button__link has-text-color has-background has-link-color has-small-font-size has-custom-font-size wp-element-button\" href=\"https:\/\/foto-fantasien.com\/index.php\/2022\/06\/09\/on-a-sunday\/\" style=\"border-radius:5px;color:#1e3c5a;background-color:#ffffff00\" target=\"_blank\" rel=\"noreferrer noopener\">On A Sunday<\/a><\/div>\n<\/div>\n<\/div>\n\n\n\n<div class=\"wp-block-column is-layout-flow wp-block-column-is-layout-flow\">\n<figure class=\"wp-block-image size-large ext-aspect-landscape ext-import\"><a href=\"https:\/\/foto-fantasien.com\/index.php\/stories\/\" target=\"_blank\" rel=\"noreferrer noopener\"><img loading=\"lazy\" decoding=\"async\" width=\"1024\" height=\"685\" src=\"https:\/\/foto-fantasien.com\/wp-content\/uploads\/2022\/06\/P1070871_2-1024x685.jpg\" alt=\"Fairy Forest\" class=\"wp-image-1733\" style=\"aspect-ratio:4\/3;object-fit:cover\" srcset=\"https:\/\/foto-fantasien.com\/wp-content\/uploads\/2022\/06\/P1070871_2-1024x685.jpg 1024w, https:\/\/foto-fantasien.com\/wp-content\/uploads\/2022\/06\/P1070871_2-300x201.jpg 300w, https:\/\/foto-fantasien.com\/wp-content\/uploads\/2022\/06\/P1070871_2-768x514.jpg 768w, https:\/\/foto-fantasien.com\/wp-content\/uploads\/2022\/06\/P1070871_2-1536x1027.jpg 1536w, https:\/\/foto-fantasien.com\/wp-content\/uploads\/2022\/06\/P1070871_2-400x268.jpg 400w, https:\/\/foto-fantasien.com\/wp-content\/uploads\/2022\/06\/P1070871_2-600x401.jpg 600w, https:\/\/foto-fantasien.com\/wp-content\/uploads\/2022\/06\/P1070871_2-1200x803.jpg 1200w, https:\/\/foto-fantasien.com\/wp-content\/uploads\/2022\/06\/P1070871_2.jpg 1920w\" sizes=\"auto, (max-width: 1024px) 100vw, 1024px\" \/><\/a><\/figure>\n\n\n\n<h3 class=\"wp-block-heading\" style=\"margin-top:24px;font-size:20px;line-height:1.5\">Mehr Stories lesen<\/h3>\n\n\n\n<p class=\"has-small-font-size wp-block-paragraph\" style=\"margin-top:8px\">eine Wanderung durch das traumhafte Eyachtal im Schwarzwald &#8211; merkw\u00fcrdig geschrumpelte Eier beim Fr\u00fchst\u00fcck &#8211; ein Sonntagsspaziergang mit Begegnungen zerzauster B\u00e4ume<\/p>\n\n\n\n<div class=\"wp-block-buttons is-layout-flex wp-block-buttons-is-layout-flex\">\n<div class=\"wp-block-button has-custom-width wp-block-button__width-100 is-style-outline is-style-outline--2\"><a class=\"wp-block-button__link has-text-color has-background has-link-color has-small-font-size has-custom-font-size wp-element-button\" href=\"https:\/\/foto-fantasien.com\/index.php\/stories\/\" style=\"border-radius:5px;color:#1e3c5a;background-color:#ffffff00\" target=\"_blank\" rel=\"noreferrer noopener\">Fantasy &#8211; Kurioses &#8211; kleine Auszeiten<\/a><\/div>\n<\/div>\n<\/div>\n\n\n\n<div class=\"wp-block-column is-layout-flow wp-block-column-is-layout-flow\">\n<figure class=\"wp-block-image size-large ext-aspect-landscape ext-import\"><a href=\"https:\/\/foto-fantasien.com\/index.php\/kontakt\/\" target=\"_blank\" rel=\"noreferrer noopener\"><img loading=\"lazy\" decoding=\"async\" width=\"1024\" height=\"775\" src=\"https:\/\/foto-fantasien.com\/wp-content\/uploads\/2024\/07\/Presse_Foto-1-1024x775.jpg\" alt=\"Portrait 2\" class=\"wp-image-4878\" style=\"aspect-ratio:4\/3;object-fit:cover\" srcset=\"https:\/\/foto-fantasien.com\/wp-content\/uploads\/2024\/07\/Presse_Foto-1-1024x775.jpg 1024w, https:\/\/foto-fantasien.com\/wp-content\/uploads\/2024\/07\/Presse_Foto-1-300x227.jpg 300w, https:\/\/foto-fantasien.com\/wp-content\/uploads\/2024\/07\/Presse_Foto-1-768x581.jpg 768w, https:\/\/foto-fantasien.com\/wp-content\/uploads\/2024\/07\/Presse_Foto-1-1536x1162.jpg 1536w, https:\/\/foto-fantasien.com\/wp-content\/uploads\/2024\/07\/Presse_Foto-1-400x303.jpg 400w, https:\/\/foto-fantasien.com\/wp-content\/uploads\/2024\/07\/Presse_Foto-1-600x454.jpg 600w, https:\/\/foto-fantasien.com\/wp-content\/uploads\/2024\/07\/Presse_Foto-1-1200x908.jpg 1200w, https:\/\/foto-fantasien.com\/wp-content\/uploads\/2024\/07\/Presse_Foto-1.jpg 1920w\" sizes=\"auto, (max-width: 1024px) 100vw, 1024px\" \/><\/a><\/figure>\n\n\n\n<h3 class=\"wp-block-heading\" style=\"margin-top:24px;font-size:20px;line-height:1.5\">Feedback geben<\/h3>\n\n\n\n<p class=\"has-small-font-size wp-block-paragraph\">Hat Ihnen die Seite gefallen? Ich freue mich auf Ihre Nachricht.<br><br><br><\/p>\n\n\n\n<div class=\"wp-block-buttons is-layout-flex wp-block-buttons-is-layout-flex\">\n<div class=\"wp-block-button has-custom-width wp-block-button__width-100 is-style-outline is-style-outline--3\"><a class=\"wp-block-button__link has-text-color has-background has-link-color has-small-font-size has-custom-font-size wp-element-button\" href=\"https:\/\/foto-fantasien.com\/index.php\/kontakt\/\" style=\"border-radius:5px;color:#1e3c5a;background-color:#ffffff00\" target=\"_blank\" rel=\"noreferrer noopener\">zur Kontaktseite<\/a><\/div>\n<\/div>\n<\/div>\n<\/div>\n<\/div><\/div>\n\n\n\n<hr class=\"wp-block-separator has-text-color has-alpha-channel-opacity has-background is-style-wide\" style=\"background-color:#1e3c5a;color:#1e3c5a\"\/>\n","protected":false},"excerpt":{"rendered":"<p>Wenn H\u00fchner zu wenig Kalzium aufnehmen, werden die Schalen ihrer Eier nicht richtig gebildet. Sie sind nicht glatt, sondern faltig und schrumpelig. Solche Eier gibt es nicht im Supermarkt. Mein Eierlieferant aus dem Dorf h\u00e4lt seine H\u00fchner artgerecht. Seine H\u00fchner d\u00fcrfen auch skurrile Eier legen. Eggs Waiting for Breakfast Zum Fr\u00fchst\u00fcck geh\u00f6rt neben einem weichgekochten [&hellip;]<\/p>\n","protected":false},"author":1,"featured_media":1747,"parent":1706,"menu_order":0,"comment_status":"closed","ping_status":"closed","template":"template-full.php","meta":{"_crdt_document":"","footnotes":""},"class_list":["post-7449","page","type-page","status-publish","has-post-thumbnail","hentry"],"aioseo_notices":[],"_links":{"self":[{"href":"https:\/\/foto-fantasien.com\/index.php\/wp-json\/wp\/v2\/pages\/7449","targetHints":{"allow":["GET"]}}],"collection":[{"href":"https:\/\/foto-fantasien.com\/index.php\/wp-json\/wp\/v2\/pages"}],"about":[{"href":"https:\/\/foto-fantasien.com\/index.php\/wp-json\/wp\/v2\/types\/page"}],"author":[{"embeddable":true,"href":"https:\/\/foto-fantasien.com\/index.php\/wp-json\/wp\/v2\/users\/1"}],"replies":[{"embeddable":true,"href":"https:\/\/foto-fantasien.com\/index.php\/wp-json\/wp\/v2\/comments?post=7449"}],"version-history":[{"count":1,"href":"https:\/\/foto-fantasien.com\/index.php\/wp-json\/wp\/v2\/pages\/7449\/revisions"}],"predecessor-version":[{"id":7450,"href":"https:\/\/foto-fantasien.com\/index.php\/wp-json\/wp\/v2\/pages\/7449\/revisions\/7450"}],"up":[{"embeddable":true,"href":"https:\/\/foto-fantasien.com\/index.php\/wp-json\/wp\/v2\/pages\/1706"}],"wp:featuredmedia":[{"embeddable":true,"href":"https:\/\/foto-fantasien.com\/index.php\/wp-json\/wp\/v2\/media\/1747"}],"wp:attachment":[{"href":"https:\/\/foto-fantasien.com\/index.php\/wp-json\/wp\/v2\/media?parent=7449"}],"curies":[{"name":"wp","href":"https:\/\/api.w.org\/{rel}","templated":true}]}}