{"id":7445,"date":"2025-06-22T12:37:59","date_gmt":"2025-06-22T12:37:59","guid":{"rendered":"https:\/\/foto-fantasien.com\/?page_id=7445"},"modified":"2025-06-22T12:55:57","modified_gmt":"2025-06-22T12:55:57","slug":"fairy-forest-naturerlebnis-eyachtal","status":"publish","type":"page","link":"https:\/\/foto-fantasien.com\/index.php\/stories\/fairy-forest-naturerlebnis-eyachtal\/","title":{"rendered":"Fairy Forest &#8211; Naturerlebnis Eyachtal"},"content":{"rendered":"\n<p class=\"has-medium-font-size wp-block-paragraph\">Die Eyach kommt aus dem Hochmoor bei Kaltenbronn und m\u00fcndet zwischen H\u00f6fen und Neuenb\u00fcrg in die Enz. Ihr Wasser ist von bester Qualit\u00e4t. Auf der Hochfl\u00e4che von Kaltenbronn hat die letzte Eiszeit ein Feuchtgebiet hinterlassen. Dort erstreckte sich vor Jahrtausenden ein langer Gletscher, der das Eyachtal formte. In Jahrhunderten haben Wasser und Eis den Bundsandstein bis zum Grundgebirge abgetragen. Entstanden ist eine zauberhafte Landschaft: Fairy Forest &#8211; Feenwald.<\/p>\n\n\n\n<div class=\"wp-block-group alignfull ext-my-0 ext\"><div class=\"wp-block-group__inner-container is-layout-constrained wp-block-group-is-layout-constrained\">\n<div class=\"wp-block-media-text alignwide is-stacked-on-mobile ext-py-lg ext\"><figure class=\"wp-block-media-text__media\"><a href=\"https:\/\/foto-fantasien.com\/wp-content\/uploads\/2022\/06\/P1070839-1.jpg\" target=\"_blank\" rel=\"noreferrer noopener\"><img loading=\"lazy\" decoding=\"async\" width=\"1024\" height=\"685\" src=\"https:\/\/foto-fantasien.com\/wp-content\/uploads\/2022\/06\/P1070839-1-1024x685.jpg\" alt=\"\" class=\"wp-image-1675 size-full\" srcset=\"https:\/\/foto-fantasien.com\/wp-content\/uploads\/2022\/06\/P1070839-1-1024x685.jpg 1024w, https:\/\/foto-fantasien.com\/wp-content\/uploads\/2022\/06\/P1070839-1-300x201.jpg 300w, https:\/\/foto-fantasien.com\/wp-content\/uploads\/2022\/06\/P1070839-1-768x514.jpg 768w, https:\/\/foto-fantasien.com\/wp-content\/uploads\/2022\/06\/P1070839-1-1536x1027.jpg 1536w, https:\/\/foto-fantasien.com\/wp-content\/uploads\/2022\/06\/P1070839-1-400x268.jpg 400w, https:\/\/foto-fantasien.com\/wp-content\/uploads\/2022\/06\/P1070839-1-600x401.jpg 600w, https:\/\/foto-fantasien.com\/wp-content\/uploads\/2022\/06\/P1070839-1-1200x803.jpg 1200w, https:\/\/foto-fantasien.com\/wp-content\/uploads\/2022\/06\/P1070839-1.jpg 1920w\" sizes=\"auto, (max-width: 1024px) 100vw, 1024px\" \/><\/a><\/figure><div class=\"wp-block-media-text__content\">\n<h2 class=\"wp-block-heading ext-mt-base tablet:ext-mt-0 has-ext-large-font-size\" id=\"a-second-heading\">F\u00fcr Autos ist am Gasthof Eyachm\u00fchle Endstation.<\/h2>\n\n\n\n<p class=\"has-medium-font-size wp-block-paragraph\">Danach geht es zu Fu\u00df weiter. F\u00fcr die Tour braucht man feste Schuhe, ein Smartphone nur zum Fotografieren. Es gibt keinen Empfang. Nach einigen hundert Metern auf einem asphaltierten Weg \u00fcberquert eine Holzbr\u00fccke den Bach.<\/p>\n<\/div><\/div>\n\n\n\n<div class=\"wp-block-media-text alignwide has-media-on-the-right is-stacked-on-mobile ext-py-lg ext\"><div class=\"wp-block-media-text__content\">\n<h2 class=\"wp-block-heading ext-mt-base tablet:ext-mt-0 has-ext-large-font-size\" id=\"a-second-heading\">\u00dcber eine Wiese gelangt man in den Wald.<\/h2>\n\n\n\n<p class=\"has-medium-font-size wp-block-paragraph\">Ein schmaler Pfad f\u00fchrt entlang der Eyach durch eine bezaubernde Landschaft. Er ist schmal, manchmal ger\u00f6llig oder matschig. Hin und wieder steigt er steil an oder windet sich um B\u00e4ume herum. Wurzeln bilden nat\u00fcrliche Stufen.<\/p>\n<\/div><figure class=\"wp-block-media-text__media\"><a href=\"https:\/\/foto-fantasien.com\/wp-content\/uploads\/2022\/06\/P1070865.jpg\" target=\"_blank\" rel=\"noreferrer noopener\"><img loading=\"lazy\" decoding=\"async\" width=\"1024\" height=\"685\" src=\"https:\/\/foto-fantasien.com\/wp-content\/uploads\/2022\/06\/P1070865-1024x685.jpg\" alt=\"\" class=\"wp-image-1680 size-full\" srcset=\"https:\/\/foto-fantasien.com\/wp-content\/uploads\/2022\/06\/P1070865-1024x685.jpg 1024w, https:\/\/foto-fantasien.com\/wp-content\/uploads\/2022\/06\/P1070865-300x201.jpg 300w, https:\/\/foto-fantasien.com\/wp-content\/uploads\/2022\/06\/P1070865-768x514.jpg 768w, https:\/\/foto-fantasien.com\/wp-content\/uploads\/2022\/06\/P1070865-1536x1027.jpg 1536w, https:\/\/foto-fantasien.com\/wp-content\/uploads\/2022\/06\/P1070865-400x268.jpg 400w, https:\/\/foto-fantasien.com\/wp-content\/uploads\/2022\/06\/P1070865-600x401.jpg 600w, https:\/\/foto-fantasien.com\/wp-content\/uploads\/2022\/06\/P1070865-1200x803.jpg 1200w, https:\/\/foto-fantasien.com\/wp-content\/uploads\/2022\/06\/P1070865.jpg 1920w\" sizes=\"auto, (max-width: 1024px) 100vw, 1024px\" \/><\/a><\/figure><\/div>\n\n\n\n<div class=\"wp-block-media-text alignwide is-stacked-on-mobile ext-py-lg ext\"><figure class=\"wp-block-media-text__media\"><a href=\"https:\/\/foto-fantasien.com\/wp-content\/uploads\/2022\/06\/P1070849-1.jpg\" target=\"_blank\" rel=\"noreferrer noopener\"><img loading=\"lazy\" decoding=\"async\" width=\"1024\" height=\"684\" src=\"https:\/\/foto-fantasien.com\/wp-content\/uploads\/2022\/06\/P1070849-1-1024x684.jpg\" alt=\"Fliegenpilz\" class=\"wp-image-1684 size-full\" srcset=\"https:\/\/foto-fantasien.com\/wp-content\/uploads\/2022\/06\/P1070849-1-1024x684.jpg 1024w, https:\/\/foto-fantasien.com\/wp-content\/uploads\/2022\/06\/P1070849-1-300x200.jpg 300w, https:\/\/foto-fantasien.com\/wp-content\/uploads\/2022\/06\/P1070849-1-768x513.jpg 768w, https:\/\/foto-fantasien.com\/wp-content\/uploads\/2022\/06\/P1070849-1-1536x1026.jpg 1536w, https:\/\/foto-fantasien.com\/wp-content\/uploads\/2022\/06\/P1070849-1-400x267.jpg 400w, https:\/\/foto-fantasien.com\/wp-content\/uploads\/2022\/06\/P1070849-1-600x401.jpg 600w, https:\/\/foto-fantasien.com\/wp-content\/uploads\/2022\/06\/P1070849-1-1200x802.jpg 1200w, https:\/\/foto-fantasien.com\/wp-content\/uploads\/2022\/06\/P1070849-1.jpg 1920w\" sizes=\"auto, (max-width: 1024px) 100vw, 1024px\" \/><\/a><\/figure><div class=\"wp-block-media-text__content\">\n<h2 class=\"wp-block-heading ext-mt-base tablet:ext-mt-0 has-ext-large-font-size\" id=\"a-second-heading\">Vorwitzig blitzen wei\u00df-gepunktete Fliegenpilze hervor.<\/h2>\n\n\n\n<p class=\"has-medium-font-size wp-block-paragraph\">Auf alten, moos-bewachsenen Baumst\u00fcmpfen wachsen kleine Nadelb\u00e4ume. Rechts flie\u00dft fl\u00fcsternd und glucksend die Eyach in ihrem Bett. Auf ihr spiegeln sich farbenfroh die Baumkronen und das Himmelsblau.<\/p>\n<\/div><\/div>\n\n\n\n<div class=\"wp-block-media-text alignwide has-media-on-the-right is-stacked-on-mobile ext-py-lg ext\"><div class=\"wp-block-media-text__content\">\n<h2 class=\"wp-block-heading ext-mt-base tablet:ext-mt-0 has-ext-large-font-size\" id=\"a-second-heading\">Umgest\u00fcrzte St\u00e4mme liegen quer \u00fcber dem Fluss.<\/h2>\n\n\n\n<p class=\"has-medium-font-size wp-block-paragraph\">Alte Steine erinnern daran, dass der Wasserlauf fr\u00fcher von M\u00fchlen und S\u00e4gewerken zum Transport genutzt wurde. Es ist still. Nur das Wasser und der Wind sind zu h\u00f6ren.<\/p>\n<\/div><figure class=\"wp-block-media-text__media\"><a href=\"https:\/\/foto-fantasien.com\/wp-content\/uploads\/2022\/06\/P1070866-1.jpg\" target=\"_blank\" rel=\"noreferrer noopener\"><img loading=\"lazy\" decoding=\"async\" width=\"1024\" height=\"685\" src=\"https:\/\/foto-fantasien.com\/wp-content\/uploads\/2022\/06\/P1070866-1-1024x685.jpg\" alt=\"Unber\u00fchrte Natur\" class=\"wp-image-1693 size-full\" srcset=\"https:\/\/foto-fantasien.com\/wp-content\/uploads\/2022\/06\/P1070866-1-1024x685.jpg 1024w, https:\/\/foto-fantasien.com\/wp-content\/uploads\/2022\/06\/P1070866-1-300x201.jpg 300w, https:\/\/foto-fantasien.com\/wp-content\/uploads\/2022\/06\/P1070866-1-768x514.jpg 768w, https:\/\/foto-fantasien.com\/wp-content\/uploads\/2022\/06\/P1070866-1-1536x1027.jpg 1536w, https:\/\/foto-fantasien.com\/wp-content\/uploads\/2022\/06\/P1070866-1-400x268.jpg 400w, https:\/\/foto-fantasien.com\/wp-content\/uploads\/2022\/06\/P1070866-1-600x401.jpg 600w, https:\/\/foto-fantasien.com\/wp-content\/uploads\/2022\/06\/P1070866-1-1200x803.jpg 1200w, https:\/\/foto-fantasien.com\/wp-content\/uploads\/2022\/06\/P1070866-1.jpg 1920w\" sizes=\"auto, (max-width: 1024px) 100vw, 1024px\" \/><\/a><\/figure><\/div>\n\n\n\n<div class=\"wp-block-media-text alignwide is-stacked-on-mobile ext-py-lg ext\"><figure class=\"wp-block-media-text__media\"><a href=\"https:\/\/foto-fantasien.com\/wp-content\/uploads\/2022\/06\/P1070841.jpg\" target=\"_blank\" rel=\"noreferrer noopener\"><img loading=\"lazy\" decoding=\"async\" width=\"1024\" height=\"685\" src=\"https:\/\/foto-fantasien.com\/wp-content\/uploads\/2022\/06\/P1070841-1024x685.jpg\" alt=\"\" class=\"wp-image-1694 size-full\" srcset=\"https:\/\/foto-fantasien.com\/wp-content\/uploads\/2022\/06\/P1070841-1024x685.jpg 1024w, https:\/\/foto-fantasien.com\/wp-content\/uploads\/2022\/06\/P1070841-300x201.jpg 300w, https:\/\/foto-fantasien.com\/wp-content\/uploads\/2022\/06\/P1070841-768x514.jpg 768w, https:\/\/foto-fantasien.com\/wp-content\/uploads\/2022\/06\/P1070841-1536x1027.jpg 1536w, https:\/\/foto-fantasien.com\/wp-content\/uploads\/2022\/06\/P1070841-400x268.jpg 400w, https:\/\/foto-fantasien.com\/wp-content\/uploads\/2022\/06\/P1070841-600x401.jpg 600w, https:\/\/foto-fantasien.com\/wp-content\/uploads\/2022\/06\/P1070841-1200x803.jpg 1200w, https:\/\/foto-fantasien.com\/wp-content\/uploads\/2022\/06\/P1070841.jpg 1920w\" sizes=\"auto, (max-width: 1024px) 100vw, 1024px\" \/><\/a><\/figure><div class=\"wp-block-media-text__content\">\n<h2 class=\"wp-block-heading ext-mt-base tablet:ext-mt-0 has-ext-large-font-size\" id=\"a-second-heading\">Seltene V\u00f6gel leben hier.<\/h2>\n\n\n\n<p class=\"has-medium-font-size wp-block-paragraph\">Wer sie sehen und h\u00f6ren&nbsp;will, muss vor Sonnenaufgang dort sein. Zwei Stunden lang windet sich der Pfad durch den Wald, an einer Wiese vorbei. Wenige Menschen sind unterwegs. Am Ende erwartet die Wanderer ein Rastplatz, an dem auch gegrillt werden kann.<\/p>\n<\/div><\/div>\n\n\n\n<div class=\"wp-block-media-text alignwide has-media-on-the-right is-stacked-on-mobile ext-py-lg ext\"><div class=\"wp-block-media-text__content\">\n<h2 class=\"wp-block-heading ext-mt-base tablet:ext-mt-0 has-ext-large-font-size\" id=\"a-second-heading\">Dort f\u00fchrt auch der asphaltierte Weg wieder zur\u00fcck<\/h2>\n\n\n\n<p class=\"has-medium-font-size wp-block-paragraph\">zur Eyachm\u00fchle, vorbei an einem Seerosenteich, ein kleines Paradies f\u00fcr Insekten, Kaulquappen und Fr\u00f6sche. Nach der Tour mit etwa drei Stunden, hat man sich einen kulinarischen Genuss verdient. Eine Schwarzwaldforelle vielleicht?<\/p>\n<\/div><figure class=\"wp-block-media-text__media\"><a href=\"https:\/\/foto-fantasien.com\/wp-content\/uploads\/2022\/06\/P1070871_2.jpg\" target=\"_blank\" rel=\"noreferrer noopener\"><img loading=\"lazy\" decoding=\"async\" width=\"1024\" height=\"685\" src=\"https:\/\/foto-fantasien.com\/wp-content\/uploads\/2022\/06\/P1070871_2-1024x685.jpg\" alt=\"\" class=\"wp-image-1733 size-full\" srcset=\"https:\/\/foto-fantasien.com\/wp-content\/uploads\/2022\/06\/P1070871_2-1024x685.jpg 1024w, https:\/\/foto-fantasien.com\/wp-content\/uploads\/2022\/06\/P1070871_2-300x201.jpg 300w, https:\/\/foto-fantasien.com\/wp-content\/uploads\/2022\/06\/P1070871_2-768x514.jpg 768w, https:\/\/foto-fantasien.com\/wp-content\/uploads\/2022\/06\/P1070871_2-1536x1027.jpg 1536w, https:\/\/foto-fantasien.com\/wp-content\/uploads\/2022\/06\/P1070871_2-400x268.jpg 400w, https:\/\/foto-fantasien.com\/wp-content\/uploads\/2022\/06\/P1070871_2-600x401.jpg 600w, https:\/\/foto-fantasien.com\/wp-content\/uploads\/2022\/06\/P1070871_2-1200x803.jpg 1200w, https:\/\/foto-fantasien.com\/wp-content\/uploads\/2022\/06\/P1070871_2.jpg 1920w\" sizes=\"auto, (max-width: 1024px) 100vw, 1024px\" \/><\/a><\/figure><\/div>\n<\/div><\/div>\n\n\n\n<div class=\"wp-block-group alignfull ext ext-py-lg editor:no-inserter ext-my-0\"><div class=\"wp-block-group__inner-container is-layout-constrained wp-block-group-is-layout-constrained\">\n<h2 class=\"wp-block-heading alignwide ext-mt-0 has-ext-large-font-size\" id=\"make-it-stand-out\">Fairy Forest &#8211; Feenwald<\/h2>\n\n\n\n<div class=\"wp-block-columns alignwide tablet:fullwidth-cols is-layout-flex wp-container-core-columns-is-layout-8f761849 wp-block-columns-is-layout-flex\">\n<div class=\"wp-block-column is-layout-flow wp-block-column-is-layout-flow\">\n<p class=\"wp-block-paragraph\">Die Atmosph\u00e4re im Wald wirkte auf mich unwirklich und zauberhaft: Die ungewohnte Stille, das leise melodi\u00f6se Pl\u00e4tschern der Eyach, ab und zu ein Mensch .<\/p>\n<\/div>\n\n\n\n<div class=\"wp-block-column is-layout-flow wp-block-column-is-layout-flow\">\n<p class=\"wp-block-paragraph\">Die Tiere hielten sich versteckt. Ab und zu konnte meldete sich ein Vogel aus dem Hintergrund des Waldes. Es gab unz\u00e4hlige Fliegenpilze. Ihre wei\u00dfgetupften H\u00fcte zogen <\/p>\n<\/div>\n\n\n\n<div class=\"wp-block-column is-layout-flow wp-block-column-is-layout-flow\">\n<p class=\"wp-block-paragraph\">alle Blicke auf sich. Das Licht, die Farben des Waldes und des Wassers schienen aus einer anderen Zeit oder einem anderen Universum zu sein. <\/p>\n<\/div>\n<\/div>\n<\/div><\/div>\n\n\n\n<p class=\"has-small-font-size wp-block-paragraph\"><mark style=\"background-color:rgba(0, 0, 0, 0)\" class=\"has-inline-color has-black-color\"><strong>Musik: Forest  <\/strong><a href=\"https:\/\/pixabay.com\/es\/users\/lesfm-22579021\/?tab=audio&amp;utm_source=link-attribution&amp;utm_medium=referral&amp;utm_campaign=audio&amp;utm_content=7186\" target=\"_blank\" rel=\"noreferrer noopener\"><strong>Lullaby von Lesfm auf Pixab<\/strong><\/a><\/mark><strong><a href=\"https:\/\/pixabay.com\/es\/users\/lesfm-22579021\/?tab=audio&amp;utm_source=link-attribution&amp;utm_medium=referral&amp;utm_campaign=audio&amp;utm_content=7186\" target=\"_blank\" rel=\"noreferrer noopener\">ay<\/a><\/strong><\/p>\n\n\n\n<hr class=\"wp-block-separator has-text-color has-alpha-channel-opacity has-background is-style-wide\" style=\"background-color:#1e3c5a;color:#1e3c5a\"\/>\n\n\n\n<div class=\"wp-block-group alignfull\" style=\"margin-top:0;margin-bottom:0;padding-top:var(--wp--preset--spacing--60);padding-right:var(--wp--preset--spacing--30);padding-bottom:var(--wp--preset--spacing--60);padding-left:var(--wp--preset--spacing--30)\"><div class=\"wp-block-group__inner-container is-layout-constrained wp-container-core-group-is-layout-ceb3b540 wp-block-group-is-layout-constrained\">\n<div class=\"wp-block-group alignwide is-content-justification-left\"><div class=\"wp-block-group__inner-container is-layout-constrained wp-container-core-group-is-layout-57b32e10 wp-block-group-is-layout-constrained\">\n<h2 class=\"wp-block-heading has-large-font-size\">Entdecke Foto-Fantasien<\/h2>\n\n\n\n<p class=\"has-medium-font-size wp-block-paragraph\" style=\"margin-top:16px\">G\u00f6nnen Sie sich ein kleine Auszeit. Entdecken Sie die faszinierenden Welt der Fotografie. Ob atemberaubende Landschaften, Reisedokumentationen. Auf der Seite <a href=\"https:\/\/foto-fantasien.com\/index.php\/news\/\" target=\"_blank\" rel=\"noopener\" title=\"News\"><mark style=\"background-color:rgba(0, 0, 0, 0)\" class=\"has-inline-color has-luminous-vivid-orange-color\">&#8222;News&#8220;<\/mark><\/a> erscheint jeden Monat ein neues Bild. Sie erfahren, wann die n\u00e4chste Ausstellung stattfindet.<\/p>\n<\/div><\/div>\n\n\n\n<div class=\"wp-block-columns alignwide is-layout-flex wp-container-core-columns-is-layout-3f726f26 wp-block-columns-is-layout-flex\">\n<div class=\"wp-block-column is-layout-flow wp-block-column-is-layout-flow\">\n<figure class=\"wp-block-image size-large ext-aspect-landscape ext-import\"><a href=\"https:\/\/foto-fantasien.com\/index.php\/2022\/06\/05\/eggs\/\" target=\"_blank\" rel=\"noreferrer noopener\"><img loading=\"lazy\" decoding=\"async\" width=\"1024\" height=\"683\" src=\"https:\/\/foto-fantasien.com\/wp-content\/uploads\/2022\/06\/DSC_0604-1024x683.jpg\" alt=\"Eggs\" class=\"wp-image-1747\" style=\"aspect-ratio:4\/3;object-fit:cover\" srcset=\"https:\/\/foto-fantasien.com\/wp-content\/uploads\/2022\/06\/DSC_0604-1024x683.jpg 1024w, https:\/\/foto-fantasien.com\/wp-content\/uploads\/2022\/06\/DSC_0604-300x200.jpg 300w, https:\/\/foto-fantasien.com\/wp-content\/uploads\/2022\/06\/DSC_0604-768x512.jpg 768w, https:\/\/foto-fantasien.com\/wp-content\/uploads\/2022\/06\/DSC_0604-1536x1024.jpg 1536w, https:\/\/foto-fantasien.com\/wp-content\/uploads\/2022\/06\/DSC_0604-400x267.jpg 400w, https:\/\/foto-fantasien.com\/wp-content\/uploads\/2022\/06\/DSC_0604-600x400.jpg 600w, https:\/\/foto-fantasien.com\/wp-content\/uploads\/2022\/06\/DSC_0604-1200x800.jpg 1200w, https:\/\/foto-fantasien.com\/wp-content\/uploads\/2022\/06\/DSC_0604.jpg 1920w\" sizes=\"auto, (max-width: 1024px) 100vw, 1024px\" \/><\/a><\/figure>\n\n\n\n<h3 class=\"wp-block-heading\" style=\"margin-top:24px;font-size:20px;line-height:1.5\">Die n\u00e4chste Geschichte: Eggs<\/h3>\n\n\n\n<p class=\"has-small-font-size wp-block-paragraph\" style=\"margin-top:8px\">Merkw\u00fcrdig verschrumpelte Eier warten auf das Fr\u00fchst\u00fcck. Danach gehen sie auf Safari, bei der sie ein Hase beobachtet. Herzf\u00f6rmige Esspressotassen dienen als Eierbecher.<\/p>\n\n\n\n<div class=\"wp-block-buttons is-layout-flex wp-block-buttons-is-layout-flex\">\n<div class=\"wp-block-button has-custom-width wp-block-button__width-100 is-style-outline is-style-outline--1\"><a class=\"wp-block-button__link has-text-color has-background has-link-color has-small-font-size has-custom-font-size wp-element-button\" href=\"https:\/\/foto-fantasien.com\/index.php\/2022\/06\/05\/eggs\/\" style=\"border-radius:5px;color:#1e3c5a;background-color:#ffffff00\" target=\"_blank\" rel=\"noreferrer noopener\">Eggs &#8211; die Eierbande<\/a><\/div>\n<\/div>\n<\/div>\n\n\n\n<div class=\"wp-block-column is-layout-flow wp-block-column-is-layout-flow\">\n<figure class=\"wp-block-image size-large ext-aspect-landscape ext-import\"><a href=\"https:\/\/foto-fantasien.com\/index.php\/stories\/\" target=\"_blank\" rel=\"noreferrer noopener\"><img loading=\"lazy\" decoding=\"async\" width=\"1024\" height=\"683\" src=\"https:\/\/foto-fantasien.com\/wp-content\/uploads\/2024\/07\/DSC_0601-1024x683.jpg\" alt=\"Vollwandmast im Abendlicht\" class=\"wp-image-4673\" style=\"aspect-ratio:4\/3;object-fit:cover\" srcset=\"https:\/\/foto-fantasien.com\/wp-content\/uploads\/2024\/07\/DSC_0601-1024x683.jpg 1024w, https:\/\/foto-fantasien.com\/wp-content\/uploads\/2024\/07\/DSC_0601-300x200.jpg 300w, https:\/\/foto-fantasien.com\/wp-content\/uploads\/2024\/07\/DSC_0601-768x512.jpg 768w, https:\/\/foto-fantasien.com\/wp-content\/uploads\/2024\/07\/DSC_0601-1536x1024.jpg 1536w, https:\/\/foto-fantasien.com\/wp-content\/uploads\/2024\/07\/DSC_0601-400x267.jpg 400w, https:\/\/foto-fantasien.com\/wp-content\/uploads\/2024\/07\/DSC_0601-600x400.jpg 600w, https:\/\/foto-fantasien.com\/wp-content\/uploads\/2024\/07\/DSC_0601-1200x800.jpg 1200w, https:\/\/foto-fantasien.com\/wp-content\/uploads\/2024\/07\/DSC_0601.jpg 1920w\" sizes=\"auto, (max-width: 1024px) 100vw, 1024px\" \/><\/a><\/figure>\n\n\n\n<h3 class=\"wp-block-heading\" style=\"margin-top:24px;font-size:20px;line-height:1.5\">Mehr Stories lesen<\/h3>\n\n\n\n<p class=\"has-small-font-size wp-block-paragraph\" style=\"margin-top:8px\">Baggerzinken, die aussehen wie G\u00e4nsek\u00f6pfe und andere sonderbare Alltagsszenen, die Invasion der Vollpfosten, ein Sonntagsspaziergang mit Begegnungen zerzauster B\u00e4ume, <\/p>\n\n\n\n<div class=\"wp-block-buttons is-layout-flex wp-block-buttons-is-layout-flex\">\n<div class=\"wp-block-button has-custom-width wp-block-button__width-100 is-style-outline is-style-outline--2\"><a class=\"wp-block-button__link has-text-color has-background has-link-color has-small-font-size has-custom-font-size wp-element-button\" href=\"https:\/\/foto-fantasien.com\/index.php\/stories\/\" style=\"border-radius:5px;color:#1e3c5a;background-color:#ffffff00\" target=\"_blank\" rel=\"noreferrer noopener\">Fantasy &#8211; Kurioses &#8211; kleine Auszeiten<\/a><\/div>\n<\/div>\n<\/div>\n\n\n\n<div class=\"wp-block-column is-layout-flow wp-block-column-is-layout-flow\">\n<figure class=\"wp-block-image size-large ext-aspect-landscape ext-import\"><a href=\"https:\/\/foto-fantasien.com\/index.php\/kontakt\/\" target=\"_blank\" rel=\"noreferrer noopener\"><img loading=\"lazy\" decoding=\"async\" width=\"1024\" height=\"775\" src=\"https:\/\/foto-fantasien.com\/wp-content\/uploads\/2024\/07\/Presse_Foto-1-1024x775.jpg\" alt=\"Portrait 2\" class=\"wp-image-4878\" style=\"aspect-ratio:4\/3;object-fit:cover\" srcset=\"https:\/\/foto-fantasien.com\/wp-content\/uploads\/2024\/07\/Presse_Foto-1-1024x775.jpg 1024w, https:\/\/foto-fantasien.com\/wp-content\/uploads\/2024\/07\/Presse_Foto-1-300x227.jpg 300w, https:\/\/foto-fantasien.com\/wp-content\/uploads\/2024\/07\/Presse_Foto-1-768x581.jpg 768w, https:\/\/foto-fantasien.com\/wp-content\/uploads\/2024\/07\/Presse_Foto-1-1536x1162.jpg 1536w, https:\/\/foto-fantasien.com\/wp-content\/uploads\/2024\/07\/Presse_Foto-1-400x303.jpg 400w, https:\/\/foto-fantasien.com\/wp-content\/uploads\/2024\/07\/Presse_Foto-1-600x454.jpg 600w, https:\/\/foto-fantasien.com\/wp-content\/uploads\/2024\/07\/Presse_Foto-1-1200x908.jpg 1200w, https:\/\/foto-fantasien.com\/wp-content\/uploads\/2024\/07\/Presse_Foto-1.jpg 1920w\" sizes=\"auto, (max-width: 1024px) 100vw, 1024px\" \/><\/a><\/figure>\n\n\n\n<h3 class=\"wp-block-heading\" style=\"margin-top:24px;font-size:20px;line-height:1.5\">Feedback geben<\/h3>\n\n\n\n<p class=\"has-small-font-size wp-block-paragraph\">Hat Ihnen die Seite gefallen? Ich freue mich auf Ihre Nachricht.<\/p>\n\n\n\n<div style=\"height:39px\" aria-hidden=\"true\" class=\"wp-block-spacer\"><\/div>\n\n\n\n<div class=\"wp-block-buttons is-layout-flex wp-block-buttons-is-layout-flex\">\n<div class=\"wp-block-button has-custom-width wp-block-button__width-100 is-style-outline is-style-outline--3\"><a class=\"wp-block-button__link has-text-color has-background has-link-color has-small-font-size has-custom-font-size wp-element-button\" href=\"https:\/\/foto-fantasien.com\/index.php\/kontakt\/\" style=\"border-radius:5px;color:#1e3c5a;background-color:#ffffff00\" target=\"_blank\" rel=\"noreferrer noopener\">zur Kontaktseite<\/a><\/div>\n<\/div>\n<\/div>\n<\/div>\n<\/div><\/div>\n\n\n\n<hr class=\"wp-block-separator has-text-color has-alpha-channel-opacity has-background is-style-wide\" style=\"background-color:#1e3c5a;color:#1e3c5a\"\/>\n","protected":false},"excerpt":{"rendered":"<p>Die Eyach kommt aus dem Hochmoor bei Kaltenbronn und m\u00fcndet zwischen H\u00f6fen und Neuenb\u00fcrg in die Enz. Ihr Wasser ist von bester Qualit\u00e4t. Auf der Hochfl\u00e4che von Kaltenbronn hat die letzte Eiszeit ein Feuchtgebiet hinterlassen. Dort erstreckte sich vor Jahrtausenden ein langer Gletscher, der das Eyachtal formte. In Jahrhunderten haben Wasser und Eis den Bundsandstein [&hellip;]<\/p>\n","protected":false},"author":1,"featured_media":1733,"parent":1706,"menu_order":0,"comment_status":"closed","ping_status":"closed","template":"template-full.php","meta":{"_crdt_document":"","footnotes":""},"class_list":["post-7445","page","type-page","status-publish","has-post-thumbnail","hentry"],"aioseo_notices":[],"_links":{"self":[{"href":"https:\/\/foto-fantasien.com\/index.php\/wp-json\/wp\/v2\/pages\/7445","targetHints":{"allow":["GET"]}}],"collection":[{"href":"https:\/\/foto-fantasien.com\/index.php\/wp-json\/wp\/v2\/pages"}],"about":[{"href":"https:\/\/foto-fantasien.com\/index.php\/wp-json\/wp\/v2\/types\/page"}],"author":[{"embeddable":true,"href":"https:\/\/foto-fantasien.com\/index.php\/wp-json\/wp\/v2\/users\/1"}],"replies":[{"embeddable":true,"href":"https:\/\/foto-fantasien.com\/index.php\/wp-json\/wp\/v2\/comments?post=7445"}],"version-history":[{"count":1,"href":"https:\/\/foto-fantasien.com\/index.php\/wp-json\/wp\/v2\/pages\/7445\/revisions"}],"predecessor-version":[{"id":7446,"href":"https:\/\/foto-fantasien.com\/index.php\/wp-json\/wp\/v2\/pages\/7445\/revisions\/7446"}],"up":[{"embeddable":true,"href":"https:\/\/foto-fantasien.com\/index.php\/wp-json\/wp\/v2\/pages\/1706"}],"wp:featuredmedia":[{"embeddable":true,"href":"https:\/\/foto-fantasien.com\/index.php\/wp-json\/wp\/v2\/media\/1733"}],"wp:attachment":[{"href":"https:\/\/foto-fantasien.com\/index.php\/wp-json\/wp\/v2\/media?parent=7445"}],"curies":[{"name":"wp","href":"https:\/\/api.w.org\/{rel}","templated":true}]}}